{"id":124,"date":"2010-12-27T20:55:18","date_gmt":"2010-12-27T18:55:18","guid":{"rendered":"http:\/\/www.rengarenkpastam.com\/index.php\/"},"modified":"2012-03-12T13:09:15","modified_gmt":"2012-03-12T10:09:15","slug":"rengarenk-pastam","status":"publish","type":"page","link":"https:\/\/www.rengarenkpastam.com\/index.php\/rengarenk-pastam\/","title":{"rendered":"Rengarenk Pasta&#8217;m"},"content":{"rendered":"<div>\n<div>\n<p>Selamlar,<\/p>\n<p>Ben Emine Ert\u00fcrk Koz,\u00a0 4 erkek \u00e7ocuk annesiyim. Kocaeli\/\u0130zmit\u2019te  ya\u015f\u0131yorum.Pasta yapmay\u0131 \u00e7ok seviyorum. \u0130nternette pasta sitelerini  inceleyerek bende uygulamaya ba\u015flad\u0131m pastalar\u0131m\u0131 buradan payla\u015fmak,  sizlerin de yorumlar\u0131n\u0131z\u0131 almak istiyorum.<\/p>\n<p>\u0130leti\u015fim  \/ Mail : eminekoz@hotmail.com<\/p>\n<p>Sevgilerimle.<\/p>\n<\/div>\n<\/div>\n","protected":false},"excerpt":{"rendered":"<p>Selamlar, Ben Emine Ert\u00fcrk Koz,\u00a0 4 erkek \u00e7ocuk annesiyim. Kocaeli\/\u0130zmit\u2019te ya\u015f\u0131yorum.Pasta yapmay\u0131 \u00e7ok seviyorum. \u0130nternette pasta sitelerini inceleyerek bende uygulamaya ba\u015flad\u0131m pastalar\u0131m\u0131 buradan payla\u015fmak, sizlerin de yorumlar\u0131n\u0131z\u0131 almak istiyorum. \u0130leti\u015fim \/ Mail : eminekoz@hotmail.com Sevgilerimle.<\/p>\n","protected":false},"author":1,"featured_media":0,"parent":0,"menu_order":1,"comment_status":"open","ping_status":"closed","template":"","meta":{"footnotes":""},"class_list":["post-124","page","type-page","status-publish","hentry"],"_links":{"self":[{"href":"https:\/\/www.rengarenkpastam.com\/index.php\/wp-json\/wp\/v2\/pages\/124"}],"collection":[{"href":"https:\/\/www.rengarenkpastam.com\/index.php\/wp-json\/wp\/v2\/pages"}],"about":[{"href":"https:\/\/www.rengarenkpastam.com\/index.php\/wp-json\/wp\/v2\/types\/page"}],"author":[{"embeddable":true,"href":"https:\/\/www.rengarenkpastam.com\/index.php\/wp-json\/wp\/v2\/users\/1"}],"replies":[{"embeddable":true,"href":"https:\/\/www.rengarenkpastam.com\/index.php\/wp-json\/wp\/v2\/comments?post=124"}],"version-history":[{"count":0,"href":"https:\/\/www.rengarenkpastam.com\/index.php\/wp-json\/wp\/v2\/pages\/124\/revisions"}],"wp:attachment":[{"href":"https:\/\/www.rengarenkpastam.com\/index.php\/wp-json\/wp\/v2\/media?parent=124"}],"curies":[{"name":"wp","href":"https:\/\/api.w.org\/{rel}","templated":true}]}}